{"id":8,"date":"2021-08-26T11:53:11","date_gmt":"2021-08-26T09:53:11","guid":{"rendered":"http:\/\/worldeaters.pl\/?page_id=8"},"modified":"2021-08-26T12:09:01","modified_gmt":"2021-08-26T10:09:01","slug":"home","status":"publish","type":"page","link":"https:\/\/worldeaters.pl\/","title":{"rendered":"Home"},"content":{"rendered":"\n<p>Witamy na naszym blogu, na kt\u00f3rym postaramy si\u0119 przybli\u017cy\u0107 nasze r\u00f3\u017cne, zar\u00f3wno wi\u0119ksze &#8211; kilkutygodniowe, jak i mniejsze podr\u00f3\u017ce. Znajdziecie tutaj opisy, praktyczne wskaz\u00f3wki oraz zdj\u0119cia \ud83d\ude42<\/p>\n","protected":false},"excerpt":{"rendered":"<p>Witamy na naszym blogu, na kt\u00f3rym postaramy si\u0119 przybli\u017cy\u0107 nasze r\u00f3\u017cne, zar\u00f3wno wi\u0119ksze &#8211; kilkutygodniowe, jak i mniejsze podr\u00f3\u017ce. Znajdziecie tutaj opisy, praktyczne wskaz\u00f3wki oraz zdj\u0119cia \ud83d\ude42<\/p>\n","protected":false},"author":1,"featured_media":0,"parent":0,"menu_order":0,"comment_status":"closed","ping_status":"closed","template":"","meta":[],"_links":{"self":[{"href":"https:\/\/worldeaters.pl\/index.php\/wp-json\/wp\/v2\/pages\/8"}],"collection":[{"href":"https:\/\/worldeaters.pl\/index.php\/wp-json\/wp\/v2\/pages"}],"about":[{"href":"https:\/\/worldeaters.pl\/index.php\/wp-json\/wp\/v2\/types\/page"}],"author":[{"embeddable":true,"href":"https:\/\/worldeaters.pl\/index.php\/wp-json\/wp\/v2\/users\/1"}],"replies":[{"embeddable":true,"href":"https:\/\/worldeaters.pl\/index.php\/wp-json\/wp\/v2\/comments?post=8"}],"version-history":[{"count":2,"href":"https:\/\/worldeaters.pl\/index.php\/wp-json\/wp\/v2\/pages\/8\/revisions"}],"predecessor-version":[{"id":77,"href":"https:\/\/worldeaters.pl\/index.php\/wp-json\/wp\/v2\/pages\/8\/revisions\/77"}],"wp:attachment":[{"href":"https:\/\/worldeaters.pl\/index.php\/wp-json\/wp\/v2\/media?parent=8"}],"curies":[{"name":"wp","href":"https:\/\/api.w.org\/{rel}","templated":true}]}}